{"id":946,"date":"2021-05-12T14:00:39","date_gmt":"2021-05-12T14:00:39","guid":{"rendered":"https:\/\/qi86.qodeinteractive.com\/?page_id=946"},"modified":"2021-05-12T14:00:39","modified_gmt":"2021-05-12T14:00:39","slug":"contact","status":"publish","type":"page","link":"https:\/\/demo.wildlykreativ.com\/nudge\/contact\/","title":{"rendered":"Contact"},"content":{"rendered":"\t\t<div data-elementor-type=\"wp-page\" data-elementor-id=\"946\" class=\"elementor elementor-946\">\n\t\t\t\t\t\t<section class=\"elementor-section elementor-top-section elementor-element elementor-element-f6b62a7 elementor-section-full_width elementor-section-height-default elementor-section-height-default wpr-particle-no wpr-jarallax-no wpr-parallax-no wpr-sticky-section-no tmpcoder-jarallax-no tmpcoder-parallax-no tmpcoder-particle-no qodef-elementor-content-no\" data-id=\"f6b62a7\" data-element_type=\"section\" data-e-type=\"section\">\n\t\t\t\t\t\t<div class=\"elementor-container elementor-column-gap-default\">\n\t\t\t\t\t<div class=\"elementor-column elementor-col-100 elementor-top-column elementor-element elementor-element-c54a184\" data-id=\"c54a184\" data-element_type=\"column\" data-e-type=\"column\">\n\t\t\t<div class=\"elementor-widget-wrap elementor-element-populated\">\n\t\t\t\t\t\t<div class=\"elementor-element elementor-element-fab3c79 elementor-widget elementor-widget-google_maps\" data-id=\"fab3c79\" data-element_type=\"widget\" data-e-type=\"widget\" data-widget_type=\"google_maps.default\">\n\t\t\t\t\t\t\t<div class=\"elementor-custom-embed\">\n\t\t\t<iframe loading=\"lazy\"\n\t\t\t\t\tsrc=\"https:\/\/maps.google.com\/maps?q=M%C3%B6nckebergstra%C3%9Fe%2011&#038;t=m&#038;z=10&#038;output=embed&#038;iwloc=near\"\n\t\t\t\t\ttitle=\"M\u00f6nckebergstra\u00dfe 11\"\n\t\t\t\t\taria-label=\"M\u00f6nckebergstra\u00dfe 11\"\n\t\t\t><\/iframe>\n\t\t<\/div>\n\t\t\t\t\t\t<\/div>\n\t\t\t\t\t<\/div>\n\t\t<\/div>\n\t\t\t\t\t<\/div>\n\t\t<\/section>\n\t\t\t\t<section class=\"elementor-section elementor-top-section elementor-element elementor-element-d4c9ebc qodef-elementor-content-grid elementor-section-boxed elementor-section-height-default elementor-section-height-default wpr-particle-no wpr-jarallax-no wpr-parallax-no wpr-sticky-section-no tmpcoder-jarallax-no tmpcoder-parallax-no tmpcoder-particle-no\" data-id=\"d4c9ebc\" data-element_type=\"section\" data-e-type=\"section\">\n\t\t\t\t\t\t<div class=\"elementor-container elementor-column-gap-default\">\n\t\t\t\t\t<div class=\"elementor-column elementor-col-33 elementor-top-column elementor-element elementor-element-935bf4c\" data-id=\"935bf4c\" data-element_type=\"column\" data-e-type=\"column\">\n\t\t\t<div class=\"elementor-widget-wrap elementor-element-populated\">\n\t\t\t\t\t\t<div class=\"elementor-element elementor-element-e733744 elementor-widget__width-initial elementor-widget-tablet__width-initial elementor-widget elementor-widget-qi_addons_for_elementor_section_title\" data-id=\"e733744\" data-element_type=\"widget\" data-e-type=\"widget\" data-widget_type=\"qi_addons_for_elementor_section_title.default\">\n\t\t\t\t<div class=\"elementor-widget-container\">\n\t\t\t\t\t<div class=\"qodef-shortcode qodef-m qodef-qi-section-title qodef-decoration--italic qodef-link--underline-draw qodef-subtitle-icon--left\">\n\t\t\t\t\t\t<h3 class=\"qodef-m-title\">\n\t\tGermany\t<\/h3>\n\t\t\t<div class=\"qodef-m-text\"><p><a href=\"https:\/\/www.google.com\/maps\/search\/Bastian+Kr%C3%A4mer+M%C3%B6nckebergstra%C3%9Fe+11+058595+Hamburg\/@53.5508748,9.9985808,17z\/data=!3m1!4b1\" target=\"_blank\" rel=\"noopener\">Bastian Kremer M\u00f6nckebergstra\u00dfe 11 058595 Hamburg<\/a><\/p><p><a href=\"tel:490403096226103\">+ 49 (0)40 309622 - 6103<\/a><\/p><p><a href=\"mailto:qi86@qodeinteractive.com\">qi86@qodeinteractive.com<\/a><\/p><\/div>\n\t<\/div>\n\t\t\t\t<\/div>\n\t\t\t\t<\/div>\n\t\t\t\t<div class=\"elementor-element elementor-element-47a7cab elementor-widget__width-initial elementor-widget-tablet__width-initial elementor-widget elementor-widget-qi_addons_for_elementor_section_title\" data-id=\"47a7cab\" data-element_type=\"widget\" data-e-type=\"widget\" data-widget_type=\"qi_addons_for_elementor_section_title.default\">\n\t\t\t\t<div class=\"elementor-widget-container\">\n\t\t\t\t\t<div class=\"qodef-shortcode qodef-m qodef-qi-section-title qodef-decoration--italic qodef-link--underline-draw qodef-subtitle-icon--left\">\n\t\t\t\t\t\t<h3 class=\"qodef-m-title\">\n\t\tAmsterdam\t<\/h3>\n\t\t\t<div class=\"qodef-m-text\"><p><a href=\"https:\/\/www.google.com\/maps\/search\/Bastian+Kr%C3%A4mer+M%C3%B6nckebergstra%C3%9Fe+11+058595+Hamburg\/@53.5508748,9.9985808,17z\/data=!3m1!4b1\" target=\"_blank\" rel=\"noopener\">Bastian Kremer M\u00f6nckebergstra\u00dfe 11 058595 Hamburg<\/a><\/p><p><a href=\"tel:490403096226103\">+ 49 (0)40 309622 - 6103<\/a><\/p><p><a href=\"mailto:qi86@qodeinteractive.com\">qi86@qodeinteractive.com<\/a><\/p><\/div>\n\t<\/div>\n\t\t\t\t<\/div>\n\t\t\t\t<\/div>\n\t\t\t\t\t<\/div>\n\t\t<\/div>\n\t\t\t\t<div class=\"elementor-column elementor-col-33 elementor-top-column elementor-element elementor-element-208040c\" data-id=\"208040c\" data-element_type=\"column\" data-e-type=\"column\">\n\t\t\t<div class=\"elementor-widget-wrap elementor-element-populated\">\n\t\t\t\t\t\t<div class=\"elementor-element elementor-element-2c75b45 elementor-widget__width-initial elementor-widget-tablet__width-initial elementor-widget elementor-widget-qi_addons_for_elementor_section_title\" data-id=\"2c75b45\" data-element_type=\"widget\" data-e-type=\"widget\" data-widget_type=\"qi_addons_for_elementor_section_title.default\">\n\t\t\t\t<div class=\"elementor-widget-container\">\n\t\t\t\t\t<div class=\"qodef-shortcode qodef-m qodef-qi-section-title qodef-decoration--italic qodef-link--underline-draw qodef-subtitle-icon--left\">\n\t\t\t\t\t\t<h3 class=\"qodef-m-title\">\n\t\tBarcelona\t<\/h3>\n\t\t\t<div class=\"qodef-m-text\"><p><a href=\"https:\/\/www.google.com\/maps\/search\/Bastian+Kr%C3%A4mer+M%C3%B6nckebergstra%C3%9Fe+11+058595+Hamburg\/@53.5508748,9.9985808,17z\/data=!3m1!4b1\" target=\"_blank\" rel=\"noopener\">Bastian Kremer M\u00f6nckebergstra\u00dfe 11 058595 Hamburg<\/a><\/p><p><a href=\"tel:490403096226103\">+ 49 (0)40 309622 - 6103<\/a><\/p><p><a href=\"mailto:qi86@qodeinteractive.com\">qi86@qodeinteractive.com<\/a><\/p><\/div>\n\t<\/div>\n\t\t\t\t<\/div>\n\t\t\t\t<\/div>\n\t\t\t\t<div class=\"elementor-element elementor-element-714c08d elementor-widget__width-initial elementor-widget-tablet__width-initial elementor-widget elementor-widget-qi_addons_for_elementor_section_title\" data-id=\"714c08d\" data-element_type=\"widget\" data-e-type=\"widget\" data-widget_type=\"qi_addons_for_elementor_section_title.default\">\n\t\t\t\t<div class=\"elementor-widget-container\">\n\t\t\t\t\t<div class=\"qodef-shortcode qodef-m qodef-qi-section-title qodef-decoration--italic qodef-link--underline-draw qodef-subtitle-icon--left\">\n\t\t\t\t\t\t<h3 class=\"qodef-m-title\">\n\t\tNew York\t<\/h3>\n\t\t\t<div class=\"qodef-m-text\"><p><a href=\"https:\/\/www.google.com\/maps\/search\/Bastian+Kr%C3%A4mer+M%C3%B6nckebergstra%C3%9Fe+11+058595+Hamburg\/@53.5508748,9.9985808,17z\/data=!3m1!4b1\" target=\"_blank\" rel=\"noopener\">Bastian Kremer M\u00f6nckebergstra\u00dfe 11 058595 Hamburg<\/a><\/p><p><a href=\"tel:490403096226103\">+ 49 (0)40 309622 - 6103<\/a><\/p><p><a href=\"mailto:qi86@qodeinteractive.com\">qi86@qodeinteractive.com<\/a><\/p><\/div>\n\t<\/div>\n\t\t\t\t<\/div>\n\t\t\t\t<\/div>\n\t\t\t\t\t<\/div>\n\t\t<\/div>\n\t\t\t\t<div class=\"elementor-column elementor-col-33 elementor-top-column elementor-element elementor-element-e7f3faa\" data-id=\"e7f3faa\" data-element_type=\"column\" data-e-type=\"column\">\n\t\t\t<div class=\"elementor-widget-wrap elementor-element-populated\">\n\t\t\t\t\t\t<div class=\"elementor-element elementor-element-b9ad05b elementor-widget__width-inherit elementor-widget elementor-widget-qi_addons_for_elementor_section_title\" data-id=\"b9ad05b\" data-element_type=\"widget\" data-e-type=\"widget\" data-widget_type=\"qi_addons_for_elementor_section_title.default\">\n\t\t\t\t<div class=\"elementor-widget-container\">\n\t\t\t\t\t<div class=\"qodef-shortcode qodef-m qodef-qi-section-title qodef-decoration--italic qodef-link--underline-draw qodef-subtitle-icon--left\">\n\t\t\t\t\t\t<h3 class=\"qodef-m-title\">\n\t\tSend us a Message\t<\/h3>\n\t\t\t<\/div>\n\t\t\t\t<\/div>\n\t\t\t\t<\/div>\n\t\t\t\t<div class=\"elementor-element elementor-element-2927386 elementor-widget elementor-widget-qi_addons_for_elementor_contact_form_7\" data-id=\"2927386\" data-element_type=\"widget\" data-e-type=\"widget\" data-widget_type=\"qi_addons_for_elementor_contact_form_7.default\">\n\t\t\t\t<div class=\"elementor-widget-container\">\n\t\t\t\t\t<div class=\"qodef-shortcode qodef-m qodef-qi-contact-form-7\">\n\t\n<div class=\"wpcf7 no-js\" id=\"wpcf7-f975-o1\" lang=\"en-US\" dir=\"ltr\" data-wpcf7-id=\"975\">\n<div class=\"screen-reader-response\"><p role=\"status\" aria-live=\"polite\" aria-atomic=\"true\"><\/p> <ul><\/ul><\/div>\n<form action=\"\/nudge\/wp-json\/wp\/v2\/pages\/946#wpcf7-f975-o1\" method=\"post\" class=\"wpcf7-form init\" aria-label=\"Contact form\" novalidate=\"novalidate\" data-status=\"init\">\n<fieldset class=\"hidden-fields-container\"><input type=\"hidden\" name=\"_wpcf7\" value=\"975\" \/><input type=\"hidden\" name=\"_wpcf7_version\" value=\"6.1.5\" \/><input type=\"hidden\" name=\"_wpcf7_locale\" value=\"en_US\" \/><input type=\"hidden\" name=\"_wpcf7_unit_tag\" value=\"wpcf7-f975-o1\" \/><input type=\"hidden\" name=\"_wpcf7_container_post\" value=\"0\" \/><input type=\"hidden\" name=\"_wpcf7_posted_data_hash\" value=\"\" \/>\n<\/fieldset>\n<div class=\"qodef-grid qodef-layout--columns qodef-col-num--2 qodef-responsive--predefined qodef-gutter--small\">\n<div class=\"qodef-grid-inner clear\">\n\n<div class=\"qodef-grid-item\">\n<span class=\"wpcf7-form-control-wrap\" data-name=\"first-name\"><input size=\"40\" maxlength=\"400\" class=\"wpcf7-form-control wpcf7-text wpcf7-validates-as-required\" aria-required=\"true\" aria-invalid=\"false\" placeholder=\"Name\" value=\"\" type=\"text\" name=\"first-name\" \/><\/span>\n<\/div>\n\n<div class=\"qodef-grid-item\">\n<span class=\"wpcf7-form-control-wrap\" data-name=\"email\"><input size=\"40\" maxlength=\"400\" class=\"wpcf7-form-control wpcf7-text wpcf7-validates-as-required\" aria-required=\"true\" aria-invalid=\"false\" placeholder=\"Email\" value=\"\" type=\"text\" name=\"email\" \/><\/span>\n<\/div>\n<\/div>\n<\/div>\n<span class=\"wpcf7-form-control-wrap\" data-name=\"your-message\"><textarea cols=\"20\" rows=\"6\" maxlength=\"2000\" class=\"wpcf7-form-control wpcf7-textarea\" aria-invalid=\"false\" placeholder=\"Type your message\" name=\"your-message\"><\/textarea><\/span>\n\n<p style=\"text-align: right;\"><input class=\"wpcf7-form-control wpcf7-submit has-spinner\" type=\"submit\" value=\"Send\" \/><\/p><div class=\"wpcf7-response-output\" aria-hidden=\"true\"><\/div>\n<\/form>\n<\/div>\n<\/div>\n\t\t\t\t<\/div>\n\t\t\t\t<\/div>\n\t\t\t\t\t<\/div>\n\t\t<\/div>\n\t\t\t\t\t<\/div>\n\t\t<\/section>\n\t\t\t\t<section class=\"elementor-section elementor-top-section elementor-element elementor-element-d23018f qodef-elementor-content-grid elementor-section-boxed elementor-section-height-default elementor-section-height-default wpr-particle-no wpr-jarallax-no wpr-parallax-no wpr-sticky-section-no tmpcoder-jarallax-no tmpcoder-parallax-no tmpcoder-particle-no\" data-id=\"d23018f\" data-element_type=\"section\" data-e-type=\"section\">\n\t\t\t\t\t\t<div class=\"elementor-container elementor-column-gap-default\">\n\t\t\t\t\t<div class=\"elementor-column elementor-col-100 elementor-top-column elementor-element elementor-element-bc31ba8\" data-id=\"bc31ba8\" data-element_type=\"column\" data-e-type=\"column\">\n\t\t\t<div class=\"elementor-widget-wrap elementor-element-populated\">\n\t\t\t\t\t\t<div class=\"elementor-element elementor-element-15412ef elementor-widget elementor-widget-qi_addons_for_elementor_section_title\" data-id=\"15412ef\" data-element_type=\"widget\" data-e-type=\"widget\" data-widget_type=\"qi_addons_for_elementor_section_title.default\">\n\t\t\t\t<div class=\"elementor-widget-container\">\n\t\t\t\t\t<div class=\"qodef-shortcode qodef-m qodef-qi-section-title qodef-decoration--italic qodef-link--underline-draw qodef-subtitle-icon--left\">\n\t\t\t\t\t\t<h2 class=\"qodef-m-title\">\n\t\tFollow us on Instagram\t<\/h2>\n\t\t\t<div class=\"qodef-m-text\"><p><a href=\"https:\/\/www.instagram.com\/qi86demo\/\" target=\"_blank\" rel=\"noopener\">@qi86demo<\/a><\/p><\/div>\n\t<\/div>\n\t\t\t\t<\/div>\n\t\t\t\t<\/div>\n\t\t\t\t\t<\/div>\n\t\t<\/div>\n\t\t\t\t\t<\/div>\n\t\t<\/section>\n\t\t\t\t<\/div>\n\t\t","protected":false},"excerpt":{"rendered":"<p>Germany Bastian Kremer M\u00f6nckebergstra\u00dfe 11 058595 Hamburg + 49 (0)40 309622 &#8211; 6103 qi86@qodeinteractive.com Amsterdam Bastian Kremer M\u00f6nckebergstra\u00dfe 11 058595 Hamburg + 49 (0)40 309622 &#8211; 6103 qi86@qodeinteractive.com Barcelona Bastian Kremer M\u00f6nckebergstra\u00dfe 11 058595 Hamburg + 49 (0)40 309622 &#8211; 6103 qi86@qodeinteractive.com New York Bastian Kremer M\u00f6nckebergstra\u00dfe 11 058595 Hamburg + 49 (0)40 309622 &#8211; 6103 qi86@qodeinteractive.com Send us a Message Follow us on Instagram @qi86demo<\/p>\n","protected":false},"author":1,"featured_media":0,"parent":0,"menu_order":0,"comment_status":"closed","ping_status":"closed","template":"qi-full-width.php","meta":{"footnotes":""},"class_list":["post-946","page","type-page","status-publish","hentry"],"_links":{"self":[{"href":"https:\/\/demo.wildlykreativ.com\/nudge\/wp-json\/wp\/v2\/pages\/946","targetHints":{"allow":["GET"]}}],"collection":[{"href":"https:\/\/demo.wildlykreativ.com\/nudge\/wp-json\/wp\/v2\/pages"}],"about":[{"href":"https:\/\/demo.wildlykreativ.com\/nudge\/wp-json\/wp\/v2\/types\/page"}],"author":[{"embeddable":true,"href":"https:\/\/demo.wildlykreativ.com\/nudge\/wp-json\/wp\/v2\/users\/1"}],"replies":[{"embeddable":true,"href":"https:\/\/demo.wildlykreativ.com\/nudge\/wp-json\/wp\/v2\/comments?post=946"}],"version-history":[{"count":0,"href":"https:\/\/demo.wildlykreativ.com\/nudge\/wp-json\/wp\/v2\/pages\/946\/revisions"}],"wp:attachment":[{"href":"https:\/\/demo.wildlykreativ.com\/nudge\/wp-json\/wp\/v2\/media?parent=946"}],"curies":[{"name":"wp","href":"https:\/\/api.w.org\/{rel}","templated":true}]}}